{"id":12,"date":"2021-07-06T10:47:16","date_gmt":"2021-07-06T10:47:16","guid":{"rendered":"https:\/\/devgabaritas.lankininkas.lt\/?page_id=12"},"modified":"2022-04-21T17:41:00","modified_gmt":"2022-04-21T17:41:00","slug":"paslaugos","status":"publish","type":"page","link":"https:\/\/devgabaritas.lankininkas.lt\/index.php\/paslaugos\/","title":{"rendered":"Paslaugos"},"content":{"rendered":"\n<div class=\"wp-block-cover alignfull is-light\" style=\"min-height:700px;aspect-ratio:unset;\"><span aria-hidden=\"true\" class=\"has-nv-text-dark-bg-background-color wp-block-cover__gradient-background has-background-dim\"><\/span><img loading=\"lazy\" decoding=\"async\" width=\"1944\" height=\"1296\" class=\"wp-block-cover__image-background wp-image-1108\" alt=\"\" src=\"https:\/\/devgabaritas.lankininkas.lt\/wp-content\/uploads\/2022\/04\/259164082_1920506651454144_7712587672687557771_n-1.jpg\" style=\"object-position:26% 25%\" data-object-fit=\"cover\" data-object-position=\"26% 25%\" srcset=\"https:\/\/devgabaritas.lankininkas.lt\/wp-content\/uploads\/2022\/04\/259164082_1920506651454144_7712587672687557771_n-1.jpg 1944w, https:\/\/devgabaritas.lankininkas.lt\/wp-content\/uploads\/2022\/04\/259164082_1920506651454144_7712587672687557771_n-1-300x200.jpg 300w, https:\/\/devgabaritas.lankininkas.lt\/wp-content\/uploads\/2022\/04\/259164082_1920506651454144_7712587672687557771_n-1-1024x683.jpg 1024w, https:\/\/devgabaritas.lankininkas.lt\/wp-content\/uploads\/2022\/04\/259164082_1920506651454144_7712587672687557771_n-1-768x512.jpg 768w, https:\/\/devgabaritas.lankininkas.lt\/wp-content\/uploads\/2022\/04\/259164082_1920506651454144_7712587672687557771_n-1-1536x1024.jpg 1536w, https:\/\/devgabaritas.lankininkas.lt\/wp-content\/uploads\/2022\/04\/259164082_1920506651454144_7712587672687557771_n-1-930x620.jpg 930w\" sizes=\"auto, (max-width: 1944px) 100vw, 1944px\" \/><div class=\"wp-block-cover__inner-container is-layout-flow wp-block-cover-is-layout-flow\">\n<div class=\"wp-block-cover alignfull\" style=\"min-height:215px;aspect-ratio:unset;\"><span aria-hidden=\"true\" class=\"has-neve-link-color-background-color wp-block-cover__gradient-background has-background-dim\"><\/span><div class=\"wp-block-cover__inner-container is-layout-flow wp-block-cover-is-layout-flow\">\n<h1 class=\"has-text-align-left has-nv-site-bg-color has-text-color wp-block-heading\" id=\"paslaugos\">PASLAUGOS<\/h1>\n<\/div><\/div>\n\n\n\n<div class=\"wp-block-group\"><div class=\"wp-block-group__inner-container is-layout-flow wp-block-group-is-layout-flow\"><\/div><\/div>\n<\/div><\/div>\n\n\n\n<div class=\"wp-block-cover alignfull wp-duotone-333-ccc-1\" style=\"min-height:600px;aspect-ratio:unset;\"><span aria-hidden=\"true\" class=\"has-nv-site-bg-background-color has-background-dim-100 wp-block-cover__gradient-background has-background-dim\"><\/span><div class=\"wp-block-cover__inner-container is-layout-flow wp-block-cover-is-layout-flow\">\n<div style=\"height:80px\" aria-hidden=\"true\" class=\"wp-block-spacer\"><\/div>\n\n\n\n<h2 class=\"has-huge-font-size wp-block-heading\" id=\"vienkartine-treniruote\"><mark style=\"background-color:rgba(0, 0, 0, 0)\" class=\"has-inline-color has-neve-text-color-color\"><strong>Vienkartin\u0117 treniruot\u0117<\/strong><\/mark><\/h2>\n\n\n\n<div style=\"height:40px\" aria-hidden=\"true\" class=\"wp-block-spacer\"><\/div>\n\n\n\n<div class=\"wp-block-columns is-layout-flex wp-container-core-columns-is-layout-9d6595d7 wp-block-columns-is-layout-flex\">\n<div class=\"wp-block-column is-layout-flow wp-block-column-is-layout-flow\" style=\"flex-basis:60%\">\n<h3 class=\"wp-block-heading\" id=\"paslaugos-aprasymas\"><mark style=\"background-color:rgba(0, 0, 0, 0)\" class=\"has-inline-color has-neve-text-color-color\">Paslaugos apra\u0161ymas:<\/mark><\/h3>\n\n\n\n<p class=\"has-neve-link-color-color has-text-color has-medium-font-size\"><mark style=\"background-color:rgba(0, 0, 0, 0)\" class=\"has-inline-color has-neve-link-color-color\">Paslauga skirta visiems, kas nori susipa\u017einti su \u0161audymu i\u0161 lanko arba tiesiog smagiai praleisti laik\u0105. Treniruot\u0117s metu:<\/mark><\/p>\n\n\n\n<p class=\"has-neve-link-color-color has-text-color has-medium-font-size\"><img loading=\"lazy\" decoding=\"async\" width=\"20\" height=\"14\" class=\"wp-image-464\" style=\"width: 20px;\" src=\"https:\/\/devgabaritas.lankininkas.lt\/wp-content\/uploads\/2021\/10\/533-5334561_yellow-circle-with-arrow-bullet-point-transparent-background-removebg-preview.png\" alt=\"\" srcset=\"https:\/\/devgabaritas.lankininkas.lt\/wp-content\/uploads\/2021\/10\/533-5334561_yellow-circle-with-arrow-bullet-point-transparent-background-removebg-preview.png 588w, https:\/\/devgabaritas.lankininkas.lt\/wp-content\/uploads\/2021\/10\/533-5334561_yellow-circle-with-arrow-bullet-point-transparent-background-removebg-preview-300x216.png 300w\" sizes=\"auto, (max-width: 20px) 100vw, 20px\" \/> <span class=\"has-inline-color has-neve-link-color-color\">suteiksime vis\u0105 reikaling\u0105 inventori\u0173;<\/span><\/p>\n\n\n\n<p class=\"has-neve-link-color-color has-text-color has-medium-font-size\"><img loading=\"lazy\" decoding=\"async\" width=\"20\" height=\"14\" class=\"wp-image-464\" style=\"width: 20px;\" src=\"https:\/\/devgabaritas.lankininkas.lt\/wp-content\/uploads\/2021\/10\/533-5334561_yellow-circle-with-arrow-bullet-point-transparent-background-removebg-preview.png\" alt=\"\" srcset=\"https:\/\/devgabaritas.lankininkas.lt\/wp-content\/uploads\/2021\/10\/533-5334561_yellow-circle-with-arrow-bullet-point-transparent-background-removebg-preview.png 588w, https:\/\/devgabaritas.lankininkas.lt\/wp-content\/uploads\/2021\/10\/533-5334561_yellow-circle-with-arrow-bullet-point-transparent-background-removebg-preview-300x216.png 300w\" sizes=\"auto, (max-width: 20px) 100vw, 20px\" \/><span class=\"has-inline-color has-neve-link-color-color\"> individualiai apmokysime \u0161audyti i\u0161 lanko;<\/span><\/p>\n\n\n\n<p class=\"has-neve-link-color-color has-text-color has-medium-font-size\"><img loading=\"lazy\" decoding=\"async\" width=\"20\" height=\"14\" class=\"wp-image-464\" style=\"width: 20px;\" src=\"https:\/\/devgabaritas.lankininkas.lt\/wp-content\/uploads\/2021\/10\/533-5334561_yellow-circle-with-arrow-bullet-point-transparent-background-removebg-preview.png\" alt=\"\" srcset=\"https:\/\/devgabaritas.lankininkas.lt\/wp-content\/uploads\/2021\/10\/533-5334561_yellow-circle-with-arrow-bullet-point-transparent-background-removebg-preview.png 588w, https:\/\/devgabaritas.lankininkas.lt\/wp-content\/uploads\/2021\/10\/533-5334561_yellow-circle-with-arrow-bullet-point-transparent-background-removebg-preview-300x216.png 300w\" sizes=\"auto, (max-width: 20px) 100vw, 20px\" \/> <span class=\"has-inline-color has-neve-link-color-color\">paai\u0161kinsime bazinius \u0161audymo principus;<\/span><\/p>\n\n\n\n<p class=\"has-neve-link-color-color has-text-color has-medium-font-size\"><img loading=\"lazy\" decoding=\"async\" width=\"20\" height=\"14\" class=\"wp-image-464\" style=\"width: 20px;\" src=\"https:\/\/devgabaritas.lankininkas.lt\/wp-content\/uploads\/2021\/10\/533-5334561_yellow-circle-with-arrow-bullet-point-transparent-background-removebg-preview.png\" alt=\"\" srcset=\"https:\/\/devgabaritas.lankininkas.lt\/wp-content\/uploads\/2021\/10\/533-5334561_yellow-circle-with-arrow-bullet-point-transparent-background-removebg-preview.png 588w, https:\/\/devgabaritas.lankininkas.lt\/wp-content\/uploads\/2021\/10\/533-5334561_yellow-circle-with-arrow-bullet-point-transparent-background-removebg-preview-300x216.png 300w\" sizes=\"auto, (max-width: 20px) 100vw, 20px\" \/> <mark style=\"background-color:rgba(0, 0, 0, 0)\" class=\"has-inline-color has-neve-link-color-color\">supa\u017eindinsime su saugumo taisykl\u0117mis<\/mark><\/p>\n\n\n\n<p><\/p>\n<\/div>\n\n\n\n<div class=\"wp-block-column is-layout-flow wp-block-column-is-layout-flow\">\n<h3 class=\"wp-block-heading\" id=\"treniruotes-trukme\"><mark style=\"background-color:rgba(0, 0, 0, 0)\" class=\"has-inline-color has-neve-text-color-color\">Treniruot\u0117s trukm\u0117:<\/mark><\/h3>\n\n\n\n<p class=\"has-neve-link-color-color has-text-color has-medium-font-size\">iki <mark style=\"background-color:rgba(0, 0, 0, 0)\" class=\"has-inline-color has-neve-link-color-color\">2 val<\/mark>.<\/p>\n\n\n\n<h3 class=\"wp-block-heading\" id=\"apranga\"><mark style=\"background-color:rgba(0, 0, 0, 0)\" class=\"has-inline-color has-neve-text-color-color\">Apranga:<\/mark><\/h3>\n\n\n\n<p class=\"has-medium-font-size\"><mark style=\"background-color:rgba(0, 0, 0, 0)\" class=\"has-inline-color has-neve-link-color-color\">Patogi, nevar\u017eanti judesi\u0173<\/mark><\/p>\n\n\n\n<h3 class=\"wp-block-heading\" id=\"amzius\"><mark style=\"background-color:rgba(0, 0, 0, 0)\" class=\"has-inline-color has-neve-text-color-color\">Am\u017eius:<\/mark><\/h3>\n\n\n\n<p class=\"has-medium-font-size\"><mark style=\"background-color:rgba(0, 0, 0, 0)\" class=\"has-inline-color has-neve-link-color-color\">Minimalus \u0161aulio am\u017eius &#8211; 10 met\u0173. <\/mark><\/p>\n<\/div>\n<\/div>\n\n\n\n<div class=\"wp-block-group\"><div class=\"wp-block-group__inner-container is-layout-flow wp-block-group-is-layout-flow\">\n<div class=\"wp-block-columns are-vertically-aligned-center is-layout-flex wp-container-core-columns-is-layout-9d6595d7 wp-block-columns-is-layout-flex\">\n<div class=\"wp-block-column is-layout-flow wp-block-column-is-layout-flow\">\n<figure class=\"wp-block-table is-style-regular has-medium-font-size\"><table class=\"has-nv-dark-bg-color has-text-color\"><thead><tr><th><span class=\"has-inline-color has-neve-text-color-color\">Paslauga<\/span><\/th><th class=\"has-text-align-center\" data-align=\"center\"><strong><mark style=\"background-color:rgba(0, 0, 0, 0)\" class=\"has-inline-color has-neve-text-color-color\">Kaina<\/mark><\/strong> <\/th><\/tr><\/thead><tbody><tr><td><mark style=\"background-color:rgba(0, 0, 0, 0)\" class=\"has-inline-color has-neve-link-color-color\">Vienkartin\u0117 treniruot\u0117<\/mark> (1 asmeniui)<\/td><td class=\"has-text-align-center\" data-align=\"center\"><mark style=\"background-color:rgba(0, 0, 0, 0)\" class=\"has-inline-color has-neve-link-color-color\">10<\/mark> \u20ac<\/td><\/tr><tr><td><mark style=\"background-color:rgba(0, 0, 0, 0)\" class=\"has-inline-color has-neve-link-color-color\">Vienkartin\u0117 treniruot\u0117 (jaunimas iki 18 m.)<\/mark><\/td><td class=\"has-text-align-center\" data-align=\"center\">5 \u20ac<\/td><\/tr><tr><td><mark style=\"background-color:rgba(0, 0, 0, 0)\" class=\"has-inline-color has-neve-link-color-color\">Vienkartin\u0117 treniruot\u0117 (senjorai nuo 65 m.)<\/mark><\/td><td class=\"has-text-align-center\" data-align=\"center\">5 \u20ac<\/td><\/tr><\/tbody><\/table><figcaption><em><span class=\"has-inline-color has-nv-c-2-color\">*<em>Jeigu planuojate atvykti 3 arba didesne grupe<\/em>, b\u016btinai prane\u0161kite i\u0161 anksto<\/span><\/em><\/figcaption><\/figure>\n<\/div>\n<\/div>\n\n\n\n<div style=\"height:40px\" aria-hidden=\"true\" class=\"wp-block-spacer\"><\/div>\n<\/div><\/div>\n<\/div><\/div>\n\n\n\n<div class=\"wp-block-cover alignfull wp-duotone-333-ccc-2\" style=\"min-height:600px;aspect-ratio:unset;\"><span aria-hidden=\"true\" class=\"has-nv-dark-bg-background-color has-background-dim-100 wp-block-cover__gradient-background has-background-dim\"><\/span><div class=\"wp-block-cover__inner-container is-layout-flow wp-block-cover-is-layout-flow\">\n<div style=\"height:80px\" aria-hidden=\"true\" class=\"wp-block-spacer\"><\/div>\n\n\n\n<h2 class=\"has-nv-site-bg-color has-text-color has-huge-font-size wp-block-heading\" id=\"abonementai\"><strong><span class=\"has-inline-color has-nv-text-dark-bg-color\">Abonementai<\/span><\/strong><\/h2>\n\n\n\n<div style=\"height:40px\" aria-hidden=\"true\" class=\"wp-block-spacer\"><\/div>\n\n\n\n<div class=\"wp-block-columns is-layout-flex wp-container-core-columns-is-layout-9d6595d7 wp-block-columns-is-layout-flex\">\n<div class=\"wp-block-column is-layout-flow wp-block-column-is-layout-flow\" style=\"flex-basis:60%\">\n<h3 class=\"wp-block-heading\" id=\"paslaugos-aprasymas\"><strong><span class=\"has-inline-color has-nv-text-dark-bg-color\">Paslaugos apra\u0161ymas:<\/span><\/strong><\/h3>\n\n\n\n<p class=\"has-neve-link-color-color has-text-color has-medium-font-size\"><mark style=\"background-color:rgba(0, 0, 0, 0)\" class=\"has-inline-color has-nv-site-bg-color\">Skirtas norintiems b\u016bti benduromen\u0117s dalimi &#8211; pradedantiesiems lankininkams, meg\u0117jams, ir ambicingiems profesionalams. \u012esigyj\u0119 abonement\u0105, gal\u0117site:<br><\/mark><br><mark style=\"background-color:rgba(0, 0, 0, 0)\" class=\"has-inline-color has-nv-site-bg-color\"><img loading=\"lazy\" decoding=\"async\" width=\"20\" height=\"14\" class=\"wp-image-464\" style=\"width: 20px;\" src=\"https:\/\/devgabaritas.lankininkas.lt\/wp-content\/uploads\/2021\/10\/533-5334561_yellow-circle-with-arrow-bullet-point-transparent-background-removebg-preview.png\" alt=\"\" srcset=\"https:\/\/devgabaritas.lankininkas.lt\/wp-content\/uploads\/2021\/10\/533-5334561_yellow-circle-with-arrow-bullet-point-transparent-background-removebg-preview.png 588w, https:\/\/devgabaritas.lankininkas.lt\/wp-content\/uploads\/2021\/10\/533-5334561_yellow-circle-with-arrow-bullet-point-transparent-background-removebg-preview-300x216.png 300w\" sizes=\"auto, (max-width: 20px) 100vw, 20px\" \/> naudotis \u0161audymui reikalingu inventoriumi;<\/mark><\/p>\n\n\n\n<p class=\"has-neve-link-color-color has-text-color has-medium-font-size\"><mark style=\"background-color:rgba(0, 0, 0, 0)\" class=\"has-inline-color has-nv-site-bg-color\"><img loading=\"lazy\" decoding=\"async\" width=\"20\" height=\"14\" class=\"wp-image-464\" style=\"width: 20px;\" src=\"https:\/\/devgabaritas.lankininkas.lt\/wp-content\/uploads\/2021\/10\/533-5334561_yellow-circle-with-arrow-bullet-point-transparent-background-removebg-preview.png\" alt=\"\" srcset=\"https:\/\/devgabaritas.lankininkas.lt\/wp-content\/uploads\/2021\/10\/533-5334561_yellow-circle-with-arrow-bullet-point-transparent-background-removebg-preview.png 588w, https:\/\/devgabaritas.lankininkas.lt\/wp-content\/uploads\/2021\/10\/533-5334561_yellow-circle-with-arrow-bullet-point-transparent-background-removebg-preview-300x216.png 300w\" sizes=\"auto, (max-width: 20px) 100vw, 20px\" \/> \u0161audyti su trenerio prie\u017ei\u016bra;<\/mark><\/p>\n\n\n\n<p class=\"has-neve-link-color-color has-text-color has-medium-font-size\"><mark style=\"background-color:rgba(0, 0, 0, 0)\" class=\"has-inline-color has-nv-site-bg-color\"><img loading=\"lazy\" decoding=\"async\" width=\"20\" height=\"14\" class=\"wp-image-464\" style=\"width: 20px;\" src=\"https:\/\/devgabaritas.lankininkas.lt\/wp-content\/uploads\/2021\/10\/533-5334561_yellow-circle-with-arrow-bullet-point-transparent-background-removebg-preview.png\" alt=\"\" srcset=\"https:\/\/devgabaritas.lankininkas.lt\/wp-content\/uploads\/2021\/10\/533-5334561_yellow-circle-with-arrow-bullet-point-transparent-background-removebg-preview.png 588w, https:\/\/devgabaritas.lankininkas.lt\/wp-content\/uploads\/2021\/10\/533-5334561_yellow-circle-with-arrow-bullet-point-transparent-background-removebg-preview-300x216.png 300w\" sizes=\"auto, (max-width: 20px) 100vw, 20px\" \/> konsultuotis d\u0117l \u0161audymo technikos ir klaid\u0173;<\/mark><\/p>\n\n\n\n<p class=\"has-neve-link-color-color has-text-color has-medium-font-size\"><mark style=\"background-color:rgba(0, 0, 0, 0)\" class=\"has-inline-color has-nv-site-bg-color\"><img loading=\"lazy\" decoding=\"async\" width=\"20\" height=\"14\" class=\"wp-image-464\" style=\"width: 20px;\" src=\"https:\/\/devgabaritas.lankininkas.lt\/wp-content\/uploads\/2021\/10\/533-5334561_yellow-circle-with-arrow-bullet-point-transparent-background-removebg-preview.png\" alt=\"\" srcset=\"https:\/\/devgabaritas.lankininkas.lt\/wp-content\/uploads\/2021\/10\/533-5334561_yellow-circle-with-arrow-bullet-point-transparent-background-removebg-preview.png 588w, https:\/\/devgabaritas.lankininkas.lt\/wp-content\/uploads\/2021\/10\/533-5334561_yellow-circle-with-arrow-bullet-point-transparent-background-removebg-preview-300x216.png 300w\" sizes=\"auto, (max-width: 20px) 100vw, 20px\" \/> konsultuotis inventoriaus pasirinkimo ir derinimo klausimais;<\/mark><\/p>\n\n\n\n<p class=\"has-neve-link-color-color has-text-color has-medium-font-size\"><mark style=\"background-color:rgba(0, 0, 0, 0)\" class=\"has-inline-color has-nv-site-bg-color\"><img loading=\"lazy\" decoding=\"async\" width=\"20\" height=\"14\" class=\"wp-image-464\" style=\"width: 20px;\" src=\"https:\/\/devgabaritas.lankininkas.lt\/wp-content\/uploads\/2021\/10\/533-5334561_yellow-circle-with-arrow-bullet-point-transparent-background-removebg-preview.png\" alt=\"\" srcset=\"https:\/\/devgabaritas.lankininkas.lt\/wp-content\/uploads\/2021\/10\/533-5334561_yellow-circle-with-arrow-bullet-point-transparent-background-removebg-preview.png 588w, https:\/\/devgabaritas.lankininkas.lt\/wp-content\/uploads\/2021\/10\/533-5334561_yellow-circle-with-arrow-bullet-point-transparent-background-removebg-preview-300x216.png 300w\" sizes=\"auto, (max-width: 20px) 100vw, 20px\" \/> ruo\u0161tis var\u017eyboms.<\/mark><\/p>\n<\/div>\n\n\n\n<div class=\"wp-block-column is-layout-flow wp-block-column-is-layout-flow\" style=\"flex-basis:40%\">\n<h3 class=\"wp-block-heading\" id=\"apsilankymo-daznis\"><strong><span class=\"has-inline-color has-nv-text-dark-bg-color\">Apsilankymo da\u017enis:<\/span><\/strong><\/h3>\n\n\n\n<p class=\"has-medium-font-size\"><mark style=\"background-color:rgba(0, 0, 0, 0)\" class=\"has-inline-color has-nv-site-bg-color\">Neribotas kart\u0173 skai\u010dius klubo darbo metu.<\/mark><\/p>\n\n\n\n<h3 class=\"wp-block-heading\" id=\"nuolaidos\"><mark style=\"background-color:rgba(0, 0, 0, 0)\" class=\"has-inline-color has-nv-site-bg-color\"><strong>Nuolaidos<\/strong>:<\/mark><\/h3>\n\n\n\n<p class=\"has-medium-font-size\"><mark style=\"background-color:rgba(0, 0, 0, 0)\" class=\"has-inline-color has-nv-site-bg-color\">Jaunimui iki 18 m., senjorams ir kartu \u0161audan\u010dioms \u0161eimoms taikoma 30% nuolaida.<\/mark><\/p>\n\n\n\n<h3 class=\"wp-block-heading\" id=\"amzius\"><mark style=\"background-color:rgba(0, 0, 0, 0)\" class=\"has-inline-color has-nv-site-bg-color\">Am\u017eius:<\/mark><\/h3>\n\n\n\n<p class=\"has-medium-font-size\"><mark style=\"background-color:rgba(0, 0, 0, 0)\" class=\"has-inline-color has-nv-site-bg-color\">Minimalus \u0161aulio am\u017eius &#8211; 10 met\u0173. <\/mark><\/p>\n<\/div>\n<\/div>\n\n\n\n<div style=\"height:20px\" aria-hidden=\"true\" class=\"wp-block-spacer\"><\/div>\n\n\n\n<figure class=\"wp-block-table is-style-regular\"><table class=\"has-nv-site-bg-color has-text-color\"><thead><tr><th class=\"has-text-align-left\" data-align=\"left\"><span class=\"has-inline-color has-nv-site-bg-color\">Paslauga<\/span><\/th><th class=\"has-text-align-center\" data-align=\"center\"><strong><span class=\"has-inline-color has-nv-site-bg-color\">Kaina<\/span><\/strong><\/th><\/tr><\/thead><tbody><tr><td class=\"has-text-align-left\" data-align=\"left\"><span class=\"has-inline-color has-nv-site-bg-color\">1 m\u0117nesio abonementas<\/span><\/td><td class=\"has-text-align-center\" data-align=\"center\">3<mark style=\"background-color:rgba(0, 0, 0, 0)\" class=\"has-inline-color has-nv-site-bg-color\">5 eur<\/mark><\/td><\/tr><tr><td class=\"has-text-align-left\" data-align=\"left\"><span class=\"has-inline-color has-nv-site-bg-color\">3 m\u0117nesi\u0173 abonementas<\/span><\/td><td class=\"has-text-align-center\" data-align=\"center\">90<mark style=\"background-color:rgba(0, 0, 0, 0)\" class=\"has-inline-color has-nv-site-bg-color\"> eur<\/mark><\/td><\/tr><\/tbody><\/table><\/figure>\n\n\n\n<div style=\"height:80px\" aria-hidden=\"true\" class=\"wp-block-spacer\"><\/div>\n<\/div><\/div>\n\n\n\n<div class=\"wp-block-cover alignfull wp-duotone-333-ccc-3\" style=\"min-height:600px;aspect-ratio:unset;\"><span aria-hidden=\"true\" class=\"has-nv-light-bg-background-color has-background-dim-100 wp-block-cover__gradient-background has-background-dim\"><\/span><div class=\"wp-block-cover__inner-container is-layout-flow wp-block-cover-is-layout-flow\">\n<div style=\"height:80px\" aria-hidden=\"true\" class=\"wp-block-spacer\"><\/div>\n\n\n\n<h2 class=\"has-nv-dark-bg-color has-text-color has-huge-font-size wp-block-heading\" id=\"svarbi-informacija\">PARAMA<\/h2>\n\n\n\n<div style=\"height:40px\" aria-hidden=\"true\" class=\"wp-block-spacer\"><\/div>\n\n\n\n<p class=\"has-neve-link-color-color has-text-color has-medium-font-size\">Klubo veiklos ribojimai karantino laikotarpiu stipriai atsiliep\u0117 klubo finansin\u0117je pad\u0117tyje. <mark style=\"background-color:rgba(0, 0, 0, 0)\" class=\"has-inline-color has-neve-link-color-color\">Norintys ir galintys pad\u0117ti klubui, gali tai padaryti mus paremdami, skirdami metin\u0119 1,2% GPM param\u0105, arba tiesiogiai: <\/mark><\/p>\n\n\n\n<div class=\"wp-block-columns is-layout-flex wp-container-core-columns-is-layout-9d6595d7 wp-block-columns-is-layout-flex\">\n<div class=\"wp-block-column is-layout-flow wp-block-column-is-layout-flow\" style=\"flex-basis:66.66%\">\n<p class=\"has-text-align-left has-neve-link-color-color has-text-color has-medium-font-size\"><br><strong>Gav\u0117jas:<\/strong> <mark style=\"background-color:rgba(0, 0, 0, 0)\" class=\"has-inline-color has-neve-link-color-color\">V\u0161\u012e \u201eLankinink\u0173 sporto klubas\u201c<\/mark><br><mark style=\"background-color:rgba(0, 0, 0, 0)\" class=\"has-inline-color has-neve-link-color-color\"><strong>\u012emon\u0117s kodas: <\/strong>300122181<\/mark><br><mark style=\"background-color:rgba(0, 0, 0, 0)\" class=\"has-inline-color has-neve-link-color-color\"><strong>Banko s\u0105skaita:<\/strong> LT44 7300 0100 9014 7378AB <\/mark><br><strong>Bankas:<\/strong> <mark style=\"background-color:rgba(0, 0, 0, 0)\" class=\"has-inline-color has-neve-link-color-color\">\u201eSWEDBANK\u201c<\/mark><br><mark style=\"background-color:rgba(0, 0, 0, 0)\" class=\"has-inline-color has-neve-link-color-color\"><strong>Mok\u0117jimo paskirtis: <\/strong>PARAMA KLUBO VEIKLAI<\/mark><\/p>\n<\/div>\n\n\n\n<div class=\"wp-block-column is-layout-flow wp-block-column-is-layout-flow\" style=\"flex-basis:33.33%\">\n<h2 class=\"has-text-align-left has-nv-dark-bg-color has-text-color wp-block-heading\" id=\"aciu\">A\u010di\u016b!<\/h2>\n\n\n\n<figure class=\"wp-block-image size-full is-resized is-style-rounded\"><img loading=\"lazy\" decoding=\"async\" src=\"https:\/\/devgabaritas.lankininkas.lt\/wp-content\/uploads\/2021\/10\/smile-removebg-preview.png\" alt=\"\" class=\"wp-image-566\" width=\"128\" height=\"128\" srcset=\"https:\/\/devgabaritas.lankininkas.lt\/wp-content\/uploads\/2021\/10\/smile-removebg-preview.png 284w, https:\/\/devgabaritas.lankininkas.lt\/wp-content\/uploads\/2021\/10\/smile-removebg-preview-150x150.png 150w\" sizes=\"auto, (max-width: 128px) 100vw, 128px\" \/><\/figure>\n<\/div>\n<\/div>\n<\/div><\/div>\n","protected":false},"excerpt":{"rendered":"","protected":false},"author":2,"featured_media":0,"parent":0,"menu_order":0,"comment_status":"closed","ping_status":"closed","template":"","meta":{"_eb_attr":"","neve_meta_sidebar":"","neve_meta_container":"","neve_meta_enable_content_width":"on","neve_meta_content_width":100,"neve_meta_title_alignment":"","neve_meta_author_avatar":"","neve_post_elements_order":"","neve_meta_disable_header":"","neve_meta_disable_footer":"","neve_meta_disable_title":"on","footnotes":""},"class_list":["post-12","page","type-page","status-publish","hentry"],"_links":{"self":[{"href":"https:\/\/devgabaritas.lankininkas.lt\/index.php\/wp-json\/wp\/v2\/pages\/12","targetHints":{"allow":["GET"]}}],"collection":[{"href":"https:\/\/devgabaritas.lankininkas.lt\/index.php\/wp-json\/wp\/v2\/pages"}],"about":[{"href":"https:\/\/devgabaritas.lankininkas.lt\/index.php\/wp-json\/wp\/v2\/types\/page"}],"author":[{"embeddable":true,"href":"https:\/\/devgabaritas.lankininkas.lt\/index.php\/wp-json\/wp\/v2\/users\/2"}],"replies":[{"embeddable":true,"href":"https:\/\/devgabaritas.lankininkas.lt\/index.php\/wp-json\/wp\/v2\/comments?post=12"}],"version-history":[{"count":90,"href":"https:\/\/devgabaritas.lankininkas.lt\/index.php\/wp-json\/wp\/v2\/pages\/12\/revisions"}],"predecessor-version":[{"id":1353,"href":"https:\/\/devgabaritas.lankininkas.lt\/index.php\/wp-json\/wp\/v2\/pages\/12\/revisions\/1353"}],"wp:attachment":[{"href":"https:\/\/devgabaritas.lankininkas.lt\/index.php\/wp-json\/wp\/v2\/media?parent=12"}],"curies":[{"name":"wp","href":"https:\/\/api.w.org\/{rel}","templated":true}]}}