{"id":10,"date":"2021-07-06T10:47:15","date_gmt":"2021-07-06T10:47:15","guid":{"rendered":"https:\/\/devgabaritas.lankininkas.lt\/?page_id=10"},"modified":"2022-04-21T18:19:48","modified_gmt":"2022-04-21T18:19:48","slug":"apie-mus","status":"publish","type":"page","link":"https:\/\/devgabaritas.lankininkas.lt\/index.php\/apie-mus\/","title":{"rendered":"Apie mus"},"content":{"rendered":"\n<div class=\"wp-block-cover alignfull is-light\" style=\"min-height:700px;aspect-ratio:unset;\"><span aria-hidden=\"true\" class=\"has-nv-site-bg-background-color wp-block-cover__gradient-background has-background-dim\"><\/span><img loading=\"lazy\" decoding=\"async\" width=\"2048\" height=\"1361\" class=\"wp-block-cover__image-background wp-image-1366\" alt=\"\" src=\"https:\/\/devgabaritas.lankininkas.lt\/wp-content\/uploads\/2022\/04\/saudome.jpg\" style=\"object-position:58% 32%\" data-object-fit=\"cover\" data-object-position=\"58% 32%\" srcset=\"https:\/\/devgabaritas.lankininkas.lt\/wp-content\/uploads\/2022\/04\/saudome.jpg 2048w, https:\/\/devgabaritas.lankininkas.lt\/wp-content\/uploads\/2022\/04\/saudome-300x199.jpg 300w, https:\/\/devgabaritas.lankininkas.lt\/wp-content\/uploads\/2022\/04\/saudome-1024x681.jpg 1024w, https:\/\/devgabaritas.lankininkas.lt\/wp-content\/uploads\/2022\/04\/saudome-768x510.jpg 768w, https:\/\/devgabaritas.lankininkas.lt\/wp-content\/uploads\/2022\/04\/saudome-1536x1021.jpg 1536w\" sizes=\"auto, (max-width: 2048px) 100vw, 2048px\" \/><div class=\"wp-block-cover__inner-container is-layout-flow wp-block-cover-is-layout-flow\">\n<div class=\"wp-block-cover alignfull\" style=\"min-height:215px;aspect-ratio:unset;\"><span aria-hidden=\"true\" class=\"has-nv-dark-bg-background-color wp-block-cover__gradient-background has-background-dim\"><\/span><div class=\"wp-block-cover__inner-container is-layout-flow wp-block-cover-is-layout-flow\">\n<h1 class=\"has-text-align-left has-nv-site-bg-color has-text-color wp-block-heading\" id=\"apie-mus\">APIE MUS<\/h1>\n<\/div><\/div>\n<\/div><\/div>\n\n\n\n<div class=\"wp-block-cover alignfull\" style=\"min-height:600px;aspect-ratio:unset;\"><span aria-hidden=\"true\" class=\"has-nv-site-bg-background-color has-background-dim-100 wp-block-cover__gradient-background has-background-dim\"><\/span><div class=\"wp-block-cover__inner-container is-layout-flow wp-block-cover-is-layout-flow\">\n<div class=\"wp-block-group\"><div class=\"wp-block-group__inner-container is-layout-flow wp-block-group-is-layout-flow\">\n<div style=\"height:80px\" aria-hidden=\"true\" class=\"wp-block-spacer\"><\/div>\n\n\n\n<div class=\"wp-block-columns are-vertically-aligned-center is-layout-flex wp-container-core-columns-is-layout-9d6595d7 wp-block-columns-is-layout-flex\">\n<div class=\"wp-block-column is-vertically-aligned-center is-layout-flow wp-block-column-is-layout-flow\" style=\"flex-basis:50%\">\n<h3 class=\"has-neve-text-color-color has-text-color has-huge-font-size wp-block-heading\" id=\"musu-istorija\">M\u016bs\u0173 istorija<\/h3>\n\n\n\n<p class=\"has-neve-text-color-color has-text-color has-medium-font-size\">Lankinink\u0173 sporto klubas (arba sutrumpintai &#8211; &#8220;LSK&#8221;) buvo \u012fkurtas dar 2005 metais trij\u0173 iniciatyvi\u0173 sportinink\u0173 d\u0117ka &#8211; Mindaugo Baranausko, Vladimiro Liustrickio ir Sigito Pe\u010diulio. \u0160io sporto klubo pirminis tikslas buvo suteikti Vilniaus miesto \u0161auliams galimyb\u0119 treniruotis ir ruo\u0161tis var\u017eyboms.<\/p>\n\n\n\n<p class=\"has-neve-text-color-color has-text-color has-medium-font-size\">\u0160iandien, LSK yra vienas i\u0161 nedaugeli\u0173 klub\u0173 visoje Lietuvoje, kur \u0161audyti gali kiekvienas &#8211; ir profesionalus sportininkas, ir m\u0117g\u0117jas, ir pradedantysis. LSK \u0161audyklose reguliairiai vykdomos \u0161audymo i\u0161 lanko treniruot\u0117s skirtingo am\u017eiaus ir lygio \u0161auliams, padedama pasiruo\u0161ti dalyvavimui nacionalyn\u0117se ir tarptautin\u0117se var\u017eybose bei organizuojamos vietin\u0117s pirmenyb\u0117s.<\/p>\n\n\n\n<h3 class=\"has-neve-text-color-color has-text-color has-huge-font-size wp-block-heading\" id=\"musu-istorija\">M\u016bs\u0173 tikslas<\/h3>\n\n\n\n<p class=\"has-neve-text-color-color has-text-color has-medium-font-size\">Mes siekiame sudaryti kuo geresnes s\u0105lygas \u0161auliui profesionalui siekti auk\u0161\u010diausi\u0173 rezultat\u0173 Lietuvoje ir u\u017esienyje, o m\u0117g\u0117jui \u2013 sveikai, turiningai ir aktyviai leisti laisvalaik\u012f.<\/p>\n<\/div>\n\n\n\n<div class=\"wp-block-column is-layout-flow wp-block-column-is-layout-flow\"><\/div>\n\n\n\n<div class=\"wp-block-column is-vertically-aligned-center is-layout-flow wp-block-column-is-layout-flow\" style=\"flex-basis:50%\">\n<div class=\"wp-block-image is-style-default\"><figure class=\"aligncenter size-large is-resized\"><img loading=\"lazy\" decoding=\"async\" src=\"https:\/\/devgabaritas.lankininkas.lt\/wp-content\/uploads\/2021\/11\/12489372_1098344853533036_9051492387727086769_o-432x1024.jpg\" alt=\"\" class=\"wp-image-733\" width=\"289\" height=\"684\" srcset=\"https:\/\/devgabaritas.lankininkas.lt\/wp-content\/uploads\/2021\/11\/12489372_1098344853533036_9051492387727086769_o-432x1024.jpg 432w, https:\/\/devgabaritas.lankininkas.lt\/wp-content\/uploads\/2021\/11\/12489372_1098344853533036_9051492387727086769_o-127x300.jpg 127w, https:\/\/devgabaritas.lankininkas.lt\/wp-content\/uploads\/2021\/11\/12489372_1098344853533036_9051492387727086769_o-768x1818.jpg 768w, https:\/\/devgabaritas.lankininkas.lt\/wp-content\/uploads\/2021\/11\/12489372_1098344853533036_9051492387727086769_o-649x1536.jpg 649w, https:\/\/devgabaritas.lankininkas.lt\/wp-content\/uploads\/2021\/11\/12489372_1098344853533036_9051492387727086769_o-865x2048.jpg 865w, https:\/\/devgabaritas.lankininkas.lt\/wp-content\/uploads\/2021\/11\/12489372_1098344853533036_9051492387727086769_o-scaled.jpg 1081w\" sizes=\"auto, (max-width: 289px) 100vw, 289px\" \/><\/figure><\/div>\n<\/div>\n<\/div>\n\n\n\n<div style=\"height:40px\" aria-hidden=\"true\" class=\"wp-block-spacer\"><\/div>\n<\/div><\/div>\n<\/div><\/div>\n\n\n\n<div class=\"wp-block-cover alignfull\" style=\"min-height:420px;aspect-ratio:unset;\"><span aria-hidden=\"true\" class=\"has-nv-light-bg-background-color has-background-dim-100 wp-block-cover__gradient-background has-background-dim\"><\/span><div class=\"wp-block-cover__inner-container is-layout-flow wp-block-cover-is-layout-flow\">\n<div style=\"height:80px\" aria-hidden=\"true\" class=\"wp-block-spacer\"><\/div>\n\n\n\n<h3 class=\"has-text-align-left has-nv-text-dark-bg-color has-text-color has-huge-font-size wp-block-heading\" id=\"musu-bendruomene\"><mark style=\"background-color:rgba(0, 0, 0, 0)\" class=\"has-inline-color has-nv-dark-bg-color\">M\u016bs\u0173 bendruomen\u0117<\/mark><\/h3>\n\n\n\n<p class=\"has-neve-link-color-color has-text-color has-medium-font-size\"><mark style=\"background-color:rgba(0, 0, 0, 0)\" class=\"has-inline-color has-neve-link-color-color\">\u0160iuo metu klubas turi daugiau nei 50 pastovi\u0173 nari\u0173, tarp kuri\u0173 yra daugkartini\u0173 Lietuvos, Baltijos \u010dempion\u0173, Europos prizinink<\/mark>\u0173 bei <mark style=\"background-color:rgba(0, 0, 0, 0)\" class=\"has-inline-color has-neve-link-color-color\">Pasaulio var\u017eyb\u0173 dalyvi\u0173! M\u016bs\u0173 klubo bendruomen\u0117 pasi\u017eymi ne tik \u012fsp\u016bdingai pasiekimais, bet ir smagiai praleistu laiku kartu tiek \u0161audymo aik\u0161tel\u0117je, tiek ir u\u017e jos rib\u0173.<\/mark><\/p>\n\n\n\n<figure class=\"wp-block-gallery has-nested-images columns-3 is-cropped wp-block-gallery-1 is-layout-flex wp-block-gallery-is-layout-flex\">\n<figure class=\"wp-block-image size-large is-style-default\"><img loading=\"lazy\" decoding=\"async\" width=\"1024\" height=\"660\" data-id=\"349\" src=\"https:\/\/devgabaritas.lankininkas.lt\/wp-content\/uploads\/2021\/10\/LSK-1-1024x660.jpg\" alt=\"\" class=\"wp-image-349\" srcset=\"https:\/\/devgabaritas.lankininkas.lt\/wp-content\/uploads\/2021\/10\/LSK-1-1024x660.jpg 1024w, https:\/\/devgabaritas.lankininkas.lt\/wp-content\/uploads\/2021\/10\/LSK-1-300x194.jpg 300w, https:\/\/devgabaritas.lankininkas.lt\/wp-content\/uploads\/2021\/10\/LSK-1-768x495.jpg 768w, https:\/\/devgabaritas.lankininkas.lt\/wp-content\/uploads\/2021\/10\/LSK-1-1536x991.jpg 1536w, https:\/\/devgabaritas.lankininkas.lt\/wp-content\/uploads\/2021\/10\/LSK-1.jpg 1600w\" sizes=\"auto, (max-width: 1024px) 100vw, 1024px\" \/><\/figure>\n\n\n\n<figure class=\"wp-block-image size-large is-style-default\"><img loading=\"lazy\" decoding=\"async\" width=\"768\" height=\"576\" data-id=\"346\" src=\"https:\/\/devgabaritas.lankininkas.lt\/wp-content\/uploads\/2021\/10\/67974064_2573471022687071_6864105819231748096_n.jpg\" alt=\"\" class=\"wp-image-346\" srcset=\"https:\/\/devgabaritas.lankininkas.lt\/wp-content\/uploads\/2021\/10\/67974064_2573471022687071_6864105819231748096_n.jpg 768w, https:\/\/devgabaritas.lankininkas.lt\/wp-content\/uploads\/2021\/10\/67974064_2573471022687071_6864105819231748096_n-300x225.jpg 300w\" sizes=\"auto, (max-width: 768px) 100vw, 768px\" \/><\/figure>\n\n\n\n<figure class=\"wp-block-image size-large is-style-default\"><img loading=\"lazy\" decoding=\"async\" width=\"1024\" height=\"681\" data-id=\"356\" src=\"https:\/\/devgabaritas.lankininkas.lt\/wp-content\/uploads\/2021\/10\/48356952_2203789036321940_3201874711596236800_n-1024x681.jpg\" alt=\"\" class=\"wp-image-356\" srcset=\"https:\/\/devgabaritas.lankininkas.lt\/wp-content\/uploads\/2021\/10\/48356952_2203789036321940_3201874711596236800_n-1024x681.jpg 1024w, https:\/\/devgabaritas.lankininkas.lt\/wp-content\/uploads\/2021\/10\/48356952_2203789036321940_3201874711596236800_n-300x200.jpg 300w, https:\/\/devgabaritas.lankininkas.lt\/wp-content\/uploads\/2021\/10\/48356952_2203789036321940_3201874711596236800_n-768x511.jpg 768w, https:\/\/devgabaritas.lankininkas.lt\/wp-content\/uploads\/2021\/10\/48356952_2203789036321940_3201874711596236800_n-1536x1022.jpg 1536w, https:\/\/devgabaritas.lankininkas.lt\/wp-content\/uploads\/2021\/10\/48356952_2203789036321940_3201874711596236800_n.jpg 2000w\" sizes=\"auto, (max-width: 1024px) 100vw, 1024px\" \/><\/figure>\n\n\n\n<figure class=\"wp-block-image size-large is-style-default\"><img loading=\"lazy\" decoding=\"async\" width=\"1024\" height=\"510\" data-id=\"968\" src=\"https:\/\/devgabaritas.lankininkas.lt\/wp-content\/uploads\/2021\/11\/together-3-1024x510.jpg\" alt=\"\" class=\"wp-image-968\" srcset=\"https:\/\/devgabaritas.lankininkas.lt\/wp-content\/uploads\/2021\/11\/together-3-1024x510.jpg 1024w, https:\/\/devgabaritas.lankininkas.lt\/wp-content\/uploads\/2021\/11\/together-3-300x149.jpg 300w, https:\/\/devgabaritas.lankininkas.lt\/wp-content\/uploads\/2021\/11\/together-3-768x383.jpg 768w, https:\/\/devgabaritas.lankininkas.lt\/wp-content\/uploads\/2021\/11\/together-3-1536x765.jpg 1536w, https:\/\/devgabaritas.lankininkas.lt\/wp-content\/uploads\/2021\/11\/together-3-2048x1020.jpg 2048w\" sizes=\"auto, (max-width: 1024px) 100vw, 1024px\" \/><\/figure>\n<\/figure>\n\n\n\n<div style=\"height:40px\" aria-hidden=\"true\" class=\"wp-block-spacer\"><\/div>\n<\/div><\/div>\n\n\n\n<div class=\"wp-block-cover alignfull\" style=\"min-height:600px;aspect-ratio:unset;\"><span aria-hidden=\"true\" class=\"has-nv-site-bg-background-color has-background-dim-100 wp-block-cover__gradient-background has-background-dim\"><\/span><div class=\"wp-block-cover__inner-container is-layout-flow wp-block-cover-is-layout-flow\">\n<div class=\"wp-block-group\"><div class=\"wp-block-group__inner-container is-layout-flow wp-block-group-is-layout-flow\">\n<div style=\"height:80px\" aria-hidden=\"true\" class=\"wp-block-spacer\"><\/div>\n\n\n\n<h2 class=\"has-text-align-left has-huge-font-size wp-block-heading\" id=\"draugai\"><mark style=\"background-color:rgba(0, 0, 0, 0)\" class=\"has-inline-color has-neve-text-color-color\">Draugai<\/mark><\/h2>\n\n\n\n<div style=\"height:40px\" aria-hidden=\"true\" class=\"wp-block-spacer\"><\/div>\n\n\n\n<div class=\"wp-block-columns is-layout-flex wp-container-core-columns-is-layout-9d6595d7 wp-block-columns-is-layout-flex\">\n<div class=\"wp-block-column is-layout-flow wp-block-column-is-layout-flow\">\n<div class=\"wp-block-image is-style-default\"><figure class=\"aligncenter size-thumbnail\"><img loading=\"lazy\" decoding=\"async\" width=\"150\" height=\"150\" src=\"https:\/\/devgabaritas.lankininkas.lt\/wp-content\/uploads\/2021\/10\/LLF-logo-naujas-150x150.png\" alt=\"Lietuvos lankinink\u0173 federacija\" class=\"wp-image-363\"\/><\/figure><\/div>\n\n\n\n<h3 class=\"has-text-align-center has-neve-text-color-color has-text-color has-medium-font-size wp-block-heading\" id=\"lietuvos-lankininkufederacija\"><mark style=\"background-color:rgba(0, 0, 0, 0)\" class=\"has-inline-color has-neve-link-color-color\">Lietuvos lankinink\u0173<br>federacija<\/mark><\/h3>\n\n\n\n<ul class=\"wp-block-social-links aligncenter is-layout-flex wp-block-social-links-is-layout-flex\"><li class=\"wp-social-link wp-social-link-facebook  wp-block-social-link\"><a href=\"#\" class=\"wp-block-social-link-anchor\"><svg width=\"24\" height=\"24\" viewBox=\"0 0 24 24\" version=\"1.1\" xmlns=\"http:\/\/www.w3.org\/2000\/svg\" aria-hidden=\"true\" focusable=\"false\"><path d=\"M12 2C6.5 2 2 6.5 2 12c0 5 3.7 9.1 8.4 9.9v-7H7.9V12h2.5V9.8c0-2.5 1.5-3.9 3.8-3.9 1.1 0 2.2.2 2.2.2v2.5h-1.3c-1.2 0-1.6.8-1.6 1.6V12h2.8l-.4 2.9h-2.3v7C18.3 21.1 22 17 22 12c0-5.5-4.5-10-10-10z\"><\/path><\/svg><span class=\"wp-block-social-link-label screen-reader-text\">https:\/\/www.facebook.com\/archery.lt<\/span><\/a><\/li>\n\n<li class=\"wp-social-link wp-social-link-chain  wp-block-social-link\"><a href=\"https:\/\/archery.lt\/\" class=\"wp-block-social-link-anchor\"><svg width=\"24\" height=\"24\" viewBox=\"0 0 24 24\" version=\"1.1\" xmlns=\"http:\/\/www.w3.org\/2000\/svg\" aria-hidden=\"true\" focusable=\"false\"><path d=\"M15.6,7.2H14v1.5h1.6c2,0,3.7,1.7,3.7,3.7s-1.7,3.7-3.7,3.7H14v1.5h1.6c2.8,0,5.2-2.3,5.2-5.2,0-2.9-2.3-5.2-5.2-5.2zM4.7,12.4c0-2,1.7-3.7,3.7-3.7H10V7.2H8.4c-2.9,0-5.2,2.3-5.2,5.2,0,2.9,2.3,5.2,5.2,5.2H10v-1.5H8.4c-2,0-3.7-1.7-3.7-3.7zm4.6.9h5.3v-1.5H9.3v1.5z\"><\/path><\/svg><span class=\"wp-block-social-link-label screen-reader-text\">https:\/\/archery.lt\/<\/span><\/a><\/li><\/ul>\n\n\n\n<div style=\"height:40px\" aria-hidden=\"true\" class=\"wp-block-spacer\"><\/div>\n<\/div>\n\n\n\n<div class=\"wp-block-column is-layout-flow wp-block-column-is-layout-flow\">\n<div class=\"wp-block-image is-style-default\"><figure class=\"aligncenter size-thumbnail\"><img loading=\"lazy\" decoding=\"async\" width=\"150\" height=\"150\" src=\"https:\/\/devgabaritas.lankininkas.lt\/wp-content\/uploads\/2021\/10\/kyudo-removebg-preview-150x150.png\" alt=\"\" class=\"wp-image-366\"\/><\/figure><\/div>\n\n\n\n<h3 class=\"has-text-align-center has-neve-text-color-color has-text-color has-medium-font-size wp-block-heading\" id=\"lietuvos-kyudo-federacija\"><mark style=\"background-color:rgba(0, 0, 0, 0)\" class=\"has-inline-color has-neve-link-color-color\">Lietuvos kyudo <br>federacija <\/mark><\/h3>\n\n\n\n<ul class=\"wp-block-social-links aligncenter is-layout-flex wp-block-social-links-is-layout-flex\"><li class=\"wp-social-link wp-social-link-facebook  wp-block-social-link\"><a href=\"https:\/\/www.facebook.com\/kyudo.lt\/\" class=\"wp-block-social-link-anchor\"><svg width=\"24\" height=\"24\" viewBox=\"0 0 24 24\" version=\"1.1\" xmlns=\"http:\/\/www.w3.org\/2000\/svg\" aria-hidden=\"true\" focusable=\"false\"><path d=\"M12 2C6.5 2 2 6.5 2 12c0 5 3.7 9.1 8.4 9.9v-7H7.9V12h2.5V9.8c0-2.5 1.5-3.9 3.8-3.9 1.1 0 2.2.2 2.2.2v2.5h-1.3c-1.2 0-1.6.8-1.6 1.6V12h2.8l-.4 2.9h-2.3v7C18.3 21.1 22 17 22 12c0-5.5-4.5-10-10-10z\"><\/path><\/svg><span class=\"wp-block-social-link-label screen-reader-text\">Facebook<\/span><\/a><\/li>\n\n<li class=\"wp-social-link wp-social-link-instagram  wp-block-social-link\"><a href=\"https:\/\/www.instagram.com\/kyudolt\/\" class=\"wp-block-social-link-anchor\"><svg width=\"24\" height=\"24\" viewBox=\"0 0 24 24\" version=\"1.1\" xmlns=\"http:\/\/www.w3.org\/2000\/svg\" aria-hidden=\"true\" focusable=\"false\"><path d=\"M12,4.622c2.403,0,2.688,0.009,3.637,0.052c0.877,0.04,1.354,0.187,1.671,0.31c0.42,0.163,0.72,0.358,1.035,0.673 c0.315,0.315,0.51,0.615,0.673,1.035c0.123,0.317,0.27,0.794,0.31,1.671c0.043,0.949,0.052,1.234,0.052,3.637 s-0.009,2.688-0.052,3.637c-0.04,0.877-0.187,1.354-0.31,1.671c-0.163,0.42-0.358,0.72-0.673,1.035 c-0.315,0.315-0.615,0.51-1.035,0.673c-0.317,0.123-0.794,0.27-1.671,0.31c-0.949,0.043-1.233,0.052-3.637,0.052 s-2.688-0.009-3.637-0.052c-0.877-0.04-1.354-0.187-1.671-0.31c-0.42-0.163-0.72-0.358-1.035-0.673 c-0.315-0.315-0.51-0.615-0.673-1.035c-0.123-0.317-0.27-0.794-0.31-1.671C4.631,14.688,4.622,14.403,4.622,12 s0.009-2.688,0.052-3.637c0.04-0.877,0.187-1.354,0.31-1.671c0.163-0.42,0.358-0.72,0.673-1.035 c0.315-0.315,0.615-0.51,1.035-0.673c0.317-0.123,0.794-0.27,1.671-0.31C9.312,4.631,9.597,4.622,12,4.622 M12,3 C9.556,3,9.249,3.01,8.289,3.054C7.331,3.098,6.677,3.25,6.105,3.472C5.513,3.702,5.011,4.01,4.511,4.511 c-0.5,0.5-0.808,1.002-1.038,1.594C3.25,6.677,3.098,7.331,3.054,8.289C3.01,9.249,3,9.556,3,12c0,2.444,0.01,2.751,0.054,3.711 c0.044,0.958,0.196,1.612,0.418,2.185c0.23,0.592,0.538,1.094,1.038,1.594c0.5,0.5,1.002,0.808,1.594,1.038 c0.572,0.222,1.227,0.375,2.185,0.418C9.249,20.99,9.556,21,12,21s2.751-0.01,3.711-0.054c0.958-0.044,1.612-0.196,2.185-0.418 c0.592-0.23,1.094-0.538,1.594-1.038c0.5-0.5,0.808-1.002,1.038-1.594c0.222-0.572,0.375-1.227,0.418-2.185 C20.99,14.751,21,14.444,21,12s-0.01-2.751-0.054-3.711c-0.044-0.958-0.196-1.612-0.418-2.185c-0.23-0.592-0.538-1.094-1.038-1.594 c-0.5-0.5-1.002-0.808-1.594-1.038c-0.572-0.222-1.227-0.375-2.185-0.418C14.751,3.01,14.444,3,12,3L12,3z M12,7.378 c-2.552,0-4.622,2.069-4.622,4.622S9.448,16.622,12,16.622s4.622-2.069,4.622-4.622S14.552,7.378,12,7.378z M12,15 c-1.657,0-3-1.343-3-3s1.343-3,3-3s3,1.343,3,3S13.657,15,12,15z M16.804,6.116c-0.596,0-1.08,0.484-1.08,1.08 s0.484,1.08,1.08,1.08c0.596,0,1.08-0.484,1.08-1.08S17.401,6.116,16.804,6.116z\"><\/path><\/svg><span class=\"wp-block-social-link-label screen-reader-text\">Instagram<\/span><\/a><\/li>\n\n<li class=\"wp-social-link wp-social-link-chain  wp-block-social-link\"><a href=\"https:\/\/kyudo.lt\/\" class=\"wp-block-social-link-anchor\"><svg width=\"24\" height=\"24\" viewBox=\"0 0 24 24\" version=\"1.1\" xmlns=\"http:\/\/www.w3.org\/2000\/svg\" aria-hidden=\"true\" focusable=\"false\"><path d=\"M15.6,7.2H14v1.5h1.6c2,0,3.7,1.7,3.7,3.7s-1.7,3.7-3.7,3.7H14v1.5h1.6c2.8,0,5.2-2.3,5.2-5.2,0-2.9-2.3-5.2-5.2-5.2zM4.7,12.4c0-2,1.7-3.7,3.7-3.7H10V7.2H8.4c-2.9,0-5.2,2.3-5.2,5.2,0,2.9,2.3,5.2,5.2,5.2H10v-1.5H8.4c-2,0-3.7-1.7-3.7-3.7zm4.6.9h5.3v-1.5H9.3v1.5z\"><\/path><\/svg><span class=\"wp-block-social-link-label screen-reader-text\">https:\/\/kyudo.lt\/<\/span><\/a><\/li><\/ul>\n\n\n\n<div style=\"height:40px\" aria-hidden=\"true\" class=\"wp-block-spacer\"><\/div>\n<\/div>\n\n\n\n<div class=\"wp-block-column is-layout-flow wp-block-column-is-layout-flow\">\n<div class=\"wp-block-image is-style-default\"><figure class=\"aligncenter size-thumbnail\"><img loading=\"lazy\" decoding=\"async\" width=\"150\" height=\"150\" src=\"https:\/\/devgabaritas.lankininkas.lt\/wp-content\/uploads\/2022\/02\/download-150x150.png\" alt=\"\" class=\"wp-image-978\" srcset=\"https:\/\/devgabaritas.lankininkas.lt\/wp-content\/uploads\/2022\/02\/download-150x150.png 150w, https:\/\/devgabaritas.lankininkas.lt\/wp-content\/uploads\/2022\/02\/download.png 225w\" sizes=\"auto, (max-width: 150px) 100vw, 150px\" \/><\/figure><\/div>\n\n\n\n<h3 class=\"has-text-align-center has-neve-text-color-color has-text-color has-medium-font-size wp-block-heading\" id=\"sostines-sporto-centras\"><mark style=\"background-color:rgba(0, 0, 0, 0)\" class=\"has-inline-color has-neve-link-color-color\">Sostin\u0117s <br>sporto centras<\/mark><\/h3>\n\n\n\n<ul class=\"wp-block-social-links aligncenter is-layout-flex wp-block-social-links-is-layout-flex\"><li class=\"wp-social-link wp-social-link-facebook  wp-block-social-link\"><a href=\"https:\/\/www.facebook.com\/sportas.vilnius.lt\/\" class=\"wp-block-social-link-anchor\"><svg width=\"24\" height=\"24\" viewBox=\"0 0 24 24\" version=\"1.1\" xmlns=\"http:\/\/www.w3.org\/2000\/svg\" aria-hidden=\"true\" focusable=\"false\"><path d=\"M12 2C6.5 2 2 6.5 2 12c0 5 3.7 9.1 8.4 9.9v-7H7.9V12h2.5V9.8c0-2.5 1.5-3.9 3.8-3.9 1.1 0 2.2.2 2.2.2v2.5h-1.3c-1.2 0-1.6.8-1.6 1.6V12h2.8l-.4 2.9h-2.3v7C18.3 21.1 22 17 22 12c0-5.5-4.5-10-10-10z\"><\/path><\/svg><span class=\"wp-block-social-link-label screen-reader-text\">Facebook<\/span><\/a><\/li>\n\n<li class=\"wp-social-link wp-social-link-chain  wp-block-social-link\"><a href=\"https:\/\/sportas.vilnius.lt\/en\/\" class=\"wp-block-social-link-anchor\"><svg width=\"24\" height=\"24\" viewBox=\"0 0 24 24\" version=\"1.1\" xmlns=\"http:\/\/www.w3.org\/2000\/svg\" aria-hidden=\"true\" focusable=\"false\"><path d=\"M15.6,7.2H14v1.5h1.6c2,0,3.7,1.7,3.7,3.7s-1.7,3.7-3.7,3.7H14v1.5h1.6c2.8,0,5.2-2.3,5.2-5.2,0-2.9-2.3-5.2-5.2-5.2zM4.7,12.4c0-2,1.7-3.7,3.7-3.7H10V7.2H8.4c-2.9,0-5.2,2.3-5.2,5.2,0,2.9,2.3,5.2,5.2,5.2H10v-1.5H8.4c-2,0-3.7-1.7-3.7-3.7zm4.6.9h5.3v-1.5H9.3v1.5z\"><\/path><\/svg><span class=\"wp-block-social-link-label screen-reader-text\">https:\/\/sportas.vilnius.lt\/<\/span><\/a><\/li><\/ul>\n\n\n\n<div style=\"height:40px\" aria-hidden=\"true\" class=\"wp-block-spacer\"><\/div>\n<\/div>\n<\/div>\n\n\n\n<div style=\"height:80px\" aria-hidden=\"true\" class=\"wp-block-spacer\"><\/div>\n<\/div><\/div>\n<\/div><\/div>\n","protected":false},"excerpt":{"rendered":"","protected":false},"author":2,"featured_media":0,"parent":0,"menu_order":0,"comment_status":"closed","ping_status":"closed","template":"","meta":{"_eb_attr":"","neve_meta_sidebar":"full-width","neve_meta_container":"contained","neve_meta_enable_content_width":"on","neve_meta_content_width":100,"neve_meta_title_alignment":"left","neve_meta_author_avatar":"","neve_post_elements_order":"","neve_meta_disable_header":"","neve_meta_disable_footer":"","neve_meta_disable_title":"on","footnotes":""},"class_list":["post-10","page","type-page","status-publish","hentry"],"_links":{"self":[{"href":"https:\/\/devgabaritas.lankininkas.lt\/index.php\/wp-json\/wp\/v2\/pages\/10","targetHints":{"allow":["GET"]}}],"collection":[{"href":"https:\/\/devgabaritas.lankininkas.lt\/index.php\/wp-json\/wp\/v2\/pages"}],"about":[{"href":"https:\/\/devgabaritas.lankininkas.lt\/index.php\/wp-json\/wp\/v2\/types\/page"}],"author":[{"embeddable":true,"href":"https:\/\/devgabaritas.lankininkas.lt\/index.php\/wp-json\/wp\/v2\/users\/2"}],"replies":[{"embeddable":true,"href":"https:\/\/devgabaritas.lankininkas.lt\/index.php\/wp-json\/wp\/v2\/comments?post=10"}],"version-history":[{"count":102,"href":"https:\/\/devgabaritas.lankininkas.lt\/index.php\/wp-json\/wp\/v2\/pages\/10\/revisions"}],"predecessor-version":[{"id":1369,"href":"https:\/\/devgabaritas.lankininkas.lt\/index.php\/wp-json\/wp\/v2\/pages\/10\/revisions\/1369"}],"wp:attachment":[{"href":"https:\/\/devgabaritas.lankininkas.lt\/index.php\/wp-json\/wp\/v2\/media?parent=10"}],"curies":[{"name":"wp","href":"https:\/\/api.w.org\/{rel}","templated":true}]}}